{"id":161,"date":"2020-02-17T14:59:59","date_gmt":"2020-02-17T19:59:59","guid":{"rendered":"http:\/\/bizix.premiumthemes.in\/?page_id=161"},"modified":"2025-12-15T14:45:33","modified_gmt":"2025-12-15T19:45:33","slug":"empresa","status":"publish","type":"page","link":"https:\/\/artedesign.us\/en\/empresa\/","title":{"rendered":"Empresa"},"content":{"rendered":"<div data-elementor-type=\"wp-page\" data-elementor-id=\"161\" class=\"elementor elementor-161\" data-elementor-post-type=\"page\">\n\t\t\t\t\t\t<section class=\"elementor-section elementor-top-section elementor-element elementor-element-84f00ad elementor-section-boxed elementor-section-height-default elementor-section-height-default\" data-id=\"84f00ad\" data-element_type=\"section\" data-e-type=\"section\">\n\t\t\t\t\t\t<div class=\"elementor-container elementor-column-gap-default\">\n\t\t\t\t\t<div class=\"elementor-column elementor-col-50 elementor-top-column elementor-element elementor-element-71485c1\" data-id=\"71485c1\" data-element_type=\"column\" data-e-type=\"column\">\n\t\t\t<div class=\"elementor-widget-wrap elementor-element-populated\">\n\t\t\t\t\t\t<div class=\"elementor-element elementor-element-95b5e2a elementor-widget elementor-widget-text-editor\" data-id=\"95b5e2a\" data-element_type=\"widget\" data-e-type=\"widget\" data-widget_type=\"text-editor.default\">\n\t\t\t\t<div class=\"elementor-widget-container\">\n\t\t\t\t\t\t\t\t\t<p>A Art &amp; Design \u00e9 uma empresa jovem, tendo iniciado suas atividades em 1996.<\/p><p>No come\u00e7o atu\u00e1vamos apenas na cria\u00e7\u00e3o de logotipos, arte final para folders, cat\u00e1logos, etc.<\/p><p>Ainda no ano de 1996 iniciamos nosso caminho na Internet, passando pelos primeiros Netscapes, Explorers, utilizando o antigo Mosaic, estudando as incompatibilidades entre os mesmos e conquistando espa\u00e7o em um mercado novo.<\/p><p>Oferecemos todo o planejamento necess\u00e1rio para o desenvolvimento do projeto, seja ele para Internet, Multim\u00eddia ou Arte Digital.<\/p><p>O nosso trabalho n\u00e3o est\u00e1 limitado a apenas criar um layout elegante para sua empresa.<\/p><p>Nossa meta principal \u00e9 assessor\u00e1-lo da melhor forma poss\u00edvel para que a imagem de sua empresa alcance os objetivos esperados.<\/p><p>Por este motivo quando somos contratados para a realiza\u00e7\u00e3o de um projeto, procuramos nos inteirar o m\u00e1ximo com a empresa, para que a mesma filosofia adotada dentro dela, o mesmo design do material publicit\u00e1rio, a forma como expressa sua identidade visual, possa ser vista tamb\u00e9m em seu Website ou Cd-Rom.<\/p><p>Tudo isso aliados \u00e0 nossa paix\u00e3o pela cria\u00e7\u00e3o e pelo design em conjunto com a tecnologia atual permitem um alto padr\u00e3o de qualidade em nossos servi\u00e7os. A preocupa\u00e7\u00e3o constante em manter a qualidade honrando os prazos assumidos junto aos clientes fazem da Art &amp; Design uma empresa diferenciada no mercado em que atua.<\/p>\t\t\t\t\t\t\t\t<\/div>\n\t\t\t\t<\/div>\n\t\t\t\t\t<\/div>\n\t\t<\/div>\n\t\t\t\t<div class=\"elementor-column elementor-col-50 elementor-top-column elementor-element elementor-element-7c22552\" data-id=\"7c22552\" data-element_type=\"column\" data-e-type=\"column\">\n\t\t\t<div class=\"elementor-widget-wrap elementor-element-populated\">\n\t\t\t\t\t\t<div class=\"elementor-element elementor-element-a058f1a elementor-widget elementor-widget-image\" data-id=\"a058f1a\" data-element_type=\"widget\" data-e-type=\"widget\" data-widget_type=\"image.default\">\n\t\t\t\t<div class=\"elementor-widget-container\">\n\t\t\t\t\t\t\t\t\t\t\t\t\t\t\t<img fetchpriority=\"high\" decoding=\"async\" width=\"707\" height=\"819\" src=\"https:\/\/artedesign.us\/wp-content\/uploads\/2020\/03\/about-welcome.jpg\" class=\"attachment-large size-large wp-image-1219\" alt=\"\" srcset=\"https:\/\/artedesign.us\/wp-content\/uploads\/2020\/03\/about-welcome.jpg 707w, https:\/\/artedesign.us\/wp-content\/uploads\/2020\/03\/about-welcome-259x300.jpg 259w\" sizes=\"(max-width: 707px) 100vw, 707px\" \/>\t\t\t\t\t\t\t\t\t\t\t\t\t\t\t<\/div>\n\t\t\t\t<\/div>\n\t\t\t\t\t<\/div>\n\t\t<\/div>\n\t\t\t\t\t<\/div>\n\t\t<\/section>\n\t\t\t\t<section class=\"elementor-section elementor-top-section elementor-element elementor-element-5733d513 elementor-section-stretched elementor-section-boxed elementor-section-height-default elementor-section-height-default\" data-id=\"5733d513\" data-element_type=\"section\" data-e-type=\"section\" data-settings=\"{&quot;stretch_section&quot;:&quot;section-stretched&quot;}\">\n\t\t\t\t\t\t<div class=\"elementor-container elementor-column-gap-no\">\n\t\t\t\t\t<div class=\"elementor-column elementor-col-100 elementor-top-column elementor-element elementor-element-58e540ad\" data-id=\"58e540ad\" data-element_type=\"column\" data-e-type=\"column\">\n\t\t\t<div class=\"elementor-widget-wrap elementor-element-populated\">\n\t\t\t\t\t\t<section class=\"elementor-section elementor-inner-section elementor-element elementor-element-50c77c02 elementor-section-height-min-height elementor-section-boxed elementor-section-height-default\" data-id=\"50c77c02\" data-element_type=\"section\" data-e-type=\"section\" data-settings=\"{&quot;background_background&quot;:&quot;classic&quot;}\">\n\t\t\t\t\t\t<div class=\"elementor-container elementor-column-gap-no\">\n\t\t\t\t\t<div class=\"elementor-column elementor-col-50 elementor-inner-column elementor-element elementor-element-56e5c3b0\" data-id=\"56e5c3b0\" data-element_type=\"column\" data-e-type=\"column\">\n\t\t\t<div class=\"elementor-widget-wrap\">\n\t\t\t\t\t\t\t<\/div>\n\t\t<\/div>\n\t\t\t\t<div class=\"elementor-column elementor-col-50 elementor-inner-column elementor-element elementor-element-f30ccf7\" data-id=\"f30ccf7\" data-element_type=\"column\" data-e-type=\"column\">\n\t\t\t<div class=\"elementor-widget-wrap elementor-element-populated\">\n\t\t\t\t\t\t\t<\/div>\n\t\t<\/div>\n\t\t\t\t\t<\/div>\n\t\t<\/section>\n\t\t\t\t\t<\/div>\n\t\t<\/div>\n\t\t\t\t\t<\/div>\n\t\t<\/section>\n\t\t\t\t<section class=\"elementor-section elementor-top-section elementor-element elementor-element-c26a29d elementor-section-boxed elementor-section-height-default elementor-section-height-default\" data-id=\"c26a29d\" data-element_type=\"section\" data-e-type=\"section\">\n\t\t\t\t\t\t<div class=\"elementor-container elementor-column-gap-default\">\n\t\t\t\t\t<div class=\"elementor-column elementor-col-33 elementor-top-column elementor-element elementor-element-c9183eb\" data-id=\"c9183eb\" data-element_type=\"column\" data-e-type=\"column\">\n\t\t\t<div class=\"elementor-widget-wrap elementor-element-populated\">\n\t\t\t\t\t\t<div class=\"elementor-element elementor-element-0bc8e60 elementor-widget elementor-widget-counter\" data-id=\"0bc8e60\" data-element_type=\"widget\" data-e-type=\"widget\" data-widget_type=\"counter.default\">\n\t\t\t\t<div class=\"elementor-widget-container\">\n\t\t\t\t\t\t\t<div class=\"elementor-counter\">\n\t\t\t<div class=\"elementor-counter-title\">Clientes<\/div>\t\t\t<div class=\"elementor-counter-number-wrapper\">\n\t\t\t\t<span class=\"elementor-counter-number-prefix\"><\/span>\n\t\t\t\t<span class=\"elementor-counter-number\" data-duration=\"2000\" data-to-value=\"1137\" data-from-value=\"0\" data-delimiter=\",\">0<\/span>\n\t\t\t\t<span class=\"elementor-counter-number-suffix\"><\/span>\n\t\t\t<\/div>\n\t\t<\/div>\n\t\t\t\t\t\t<\/div>\n\t\t\t\t<\/div>\n\t\t\t\t\t<\/div>\n\t\t<\/div>\n\t\t\t\t<div class=\"elementor-column elementor-col-33 elementor-top-column elementor-element elementor-element-0e045b9\" data-id=\"0e045b9\" data-element_type=\"column\" data-e-type=\"column\">\n\t\t\t<div class=\"elementor-widget-wrap elementor-element-populated\">\n\t\t\t\t\t\t<div class=\"elementor-element elementor-element-f10d3de elementor-widget elementor-widget-counter\" data-id=\"f10d3de\" data-element_type=\"widget\" data-e-type=\"widget\" data-widget_type=\"counter.default\">\n\t\t\t\t<div class=\"elementor-widget-container\">\n\t\t\t\t\t\t\t<div class=\"elementor-counter\">\n\t\t\t<div class=\"elementor-counter-title\">Projetos<\/div>\t\t\t<div class=\"elementor-counter-number-wrapper\">\n\t\t\t\t<span class=\"elementor-counter-number-prefix\"><\/span>\n\t\t\t\t<span class=\"elementor-counter-number\" data-duration=\"2000\" data-to-value=\"1251\" data-from-value=\"0\" data-delimiter=\",\">0<\/span>\n\t\t\t\t<span class=\"elementor-counter-number-suffix\"><\/span>\n\t\t\t<\/div>\n\t\t<\/div>\n\t\t\t\t\t\t<\/div>\n\t\t\t\t<\/div>\n\t\t\t\t\t<\/div>\n\t\t<\/div>\n\t\t\t\t<div class=\"elementor-column elementor-col-33 elementor-top-column elementor-element elementor-element-b054ec9\" data-id=\"b054ec9\" data-element_type=\"column\" data-e-type=\"column\">\n\t\t\t<div class=\"elementor-widget-wrap elementor-element-populated\">\n\t\t\t\t\t\t<div class=\"elementor-element elementor-element-6892a65 elementor-widget elementor-widget-counter\" data-id=\"6892a65\" data-element_type=\"widget\" data-e-type=\"widget\" data-widget_type=\"counter.default\">\n\t\t\t\t<div class=\"elementor-widget-container\">\n\t\t\t\t\t\t\t<div class=\"elementor-counter\">\n\t\t\t<div class=\"elementor-counter-title\">Anos<\/div>\t\t\t<div class=\"elementor-counter-number-wrapper\">\n\t\t\t\t<span class=\"elementor-counter-number-prefix\"><\/span>\n\t\t\t\t<span class=\"elementor-counter-number\" data-duration=\"2000\" data-to-value=\"28\" data-from-value=\"0\" data-delimiter=\",\">0<\/span>\n\t\t\t\t<span class=\"elementor-counter-number-suffix\"><\/span>\n\t\t\t<\/div>\n\t\t<\/div>\n\t\t\t\t\t\t<\/div>\n\t\t\t\t<\/div>\n\t\t\t\t\t<\/div>\n\t\t<\/div>\n\t\t\t\t\t<\/div>\n\t\t<\/section>\n\t\t\t\t<section class=\"elementor-section elementor-top-section elementor-element elementor-element-6ac2a38 elementor-section-stretched elementor-section-content-middle elementor-section-boxed elementor-section-height-default elementor-section-height-default\" data-id=\"6ac2a38\" data-element_type=\"section\" data-e-type=\"section\" data-settings=\"{&quot;stretch_section&quot;:&quot;section-stretched&quot;,&quot;background_background&quot;:&quot;classic&quot;}\">\n\t\t\t\t\t\t<div class=\"elementor-container elementor-column-gap-no\">\n\t\t\t\t\t<div class=\"elementor-column elementor-col-33 elementor-top-column elementor-element elementor-element-91bf845\" data-id=\"91bf845\" data-element_type=\"column\" data-e-type=\"column\">\n\t\t\t<div class=\"elementor-widget-wrap\">\n\t\t\t\t\t\t\t<\/div>\n\t\t<\/div>\n\t\t\t\t<div class=\"elementor-column elementor-col-33 elementor-top-column elementor-element elementor-element-3284f449\" data-id=\"3284f449\" data-element_type=\"column\" data-e-type=\"column\" data-settings=\"{&quot;background_background&quot;:&quot;classic&quot;}\">\n\t\t\t<div class=\"elementor-widget-wrap elementor-element-populated\">\n\t\t\t\t\t\t<section class=\"elementor-section elementor-inner-section elementor-element elementor-element-5d1ea934 elementor-section-content-middle elementor-section-boxed elementor-section-height-default elementor-section-height-default\" data-id=\"5d1ea934\" data-element_type=\"section\" data-e-type=\"section\">\n\t\t\t\t\t\t<div class=\"elementor-container elementor-column-gap-default\">\n\t\t\t\t\t<div class=\"elementor-column elementor-col-100 elementor-inner-column elementor-element elementor-element-7413e1fe\" data-id=\"7413e1fe\" data-element_type=\"column\" data-e-type=\"column\">\n\t\t\t<div class=\"elementor-widget-wrap elementor-element-populated\">\n\t\t\t\t\t\t<div class=\"elementor-element elementor-element-52b4a07b elementor-align-center elementor-widget elementor-widget-button\" data-id=\"52b4a07b\" data-element_type=\"widget\" data-e-type=\"widget\" data-widget_type=\"button.default\">\n\t\t\t\t<div class=\"elementor-widget-container\">\n\t\t\t\t\t\t\t\t\t<div class=\"elementor-button-wrapper\">\n\t\t\t\t\t<a class=\"elementor-button elementor-button-link elementor-size-sm\" href=\"https:\/\/artedesign.us\/en\/contato\/\">\n\t\t\t\t\t\t<span class=\"elementor-button-content-wrapper\">\n\t\t\t\t\t\t\t\t\t<span class=\"elementor-button-text\">Fa\u00e7a um Or\u00e7amento<\/span>\n\t\t\t\t\t<\/span>\n\t\t\t\t\t<\/a>\n\t\t\t\t<\/div>\n\t\t\t\t\t\t\t\t<\/div>\n\t\t\t\t<\/div>\n\t\t\t\t\t<\/div>\n\t\t<\/div>\n\t\t\t\t\t<\/div>\n\t\t<\/section>\n\t\t\t\t\t<\/div>\n\t\t<\/div>\n\t\t\t\t<div class=\"elementor-column elementor-col-33 elementor-top-column elementor-element elementor-element-5c12092a\" data-id=\"5c12092a\" data-element_type=\"column\" data-e-type=\"column\">\n\t\t\t<div class=\"elementor-widget-wrap\">\n\t\t\t\t\t\t\t<\/div>\n\t\t<\/div>\n\t\t\t\t\t<\/div>\n\t\t<\/section>\n\t\t\t\t<\/div>","protected":false},"excerpt":{"rendered":"<p>A Art &amp; Design \u00e9 uma empresa jovem, tendo iniciado suas atividades em 1996. No come\u00e7o atu\u00e1vamos apenas na cria\u00e7\u00e3o de logotipos, arte final para folders, cat\u00e1logos, etc. Ainda no ano de 1996 iniciamos nosso caminho na Internet, passando pelos primeiros Netscapes, Explorers, utilizando o antigo Mosaic, estudando as incompatibilidades [&hellip;]<\/p>","protected":false},"author":2,"featured_media":0,"parent":0,"menu_order":0,"comment_status":"closed","ping_status":"closed","template":"elementor_header_footer","meta":{"content-type":"","om_disable_all_campaigns":false,"_monsterinsights_skip_tracking":false,"_monsterinsights_sitenote_active":false,"_monsterinsights_sitenote_note":"","_monsterinsights_sitenote_category":0,"footnotes":""},"class_list":["post-161","page","type-page","status-publish","hentry"],"aioseo_notices":[],"yoast_head":"<!-- This site is optimized with the Yoast SEO plugin v27.2 - https:\/\/yoast.com\/product\/yoast-seo-wordpress\/ -->\n<title>Empresa - Art &amp; Design - Ag\u00eancia de Marketing Digital<\/title>\n<meta name=\"robots\" content=\"index, follow, max-snippet:-1, max-image-preview:large, max-video-preview:-1\" \/>\n<link rel=\"canonical\" href=\"https:\/\/artedesign.us\/en\/empresa\/\" \/>\n<meta property=\"og:locale\" content=\"en_US\" \/>\n<meta property=\"og:type\" content=\"article\" \/>\n<meta property=\"og:title\" content=\"Empresa - Art &amp; Design - Ag\u00eancia de Marketing Digital\" \/>\n<meta property=\"og:description\" content=\"A Art &amp; Design \u00e9 uma empresa jovem, tendo iniciado suas atividades em 1996. No come\u00e7o atu\u00e1vamos apenas na cria\u00e7\u00e3o de logotipos, arte final para folders, cat\u00e1logos, etc. Ainda no ano de 1996 iniciamos nosso caminho na Internet, passando pelos primeiros Netscapes, Explorers, utilizando o antigo Mosaic, estudando as incompatibilidades [&hellip;]\" \/>\n<meta property=\"og:url\" content=\"https:\/\/artedesign.us\/en\/empresa\/\" \/>\n<meta property=\"og:site_name\" content=\"Art &amp; Design - Ag\u00eancia de Marketing Digital\" \/>\n<meta property=\"article:publisher\" content=\"https:\/\/www.facebook.com\/artedesign1996\" \/>\n<meta property=\"article:modified_time\" content=\"2025-12-15T19:45:33+00:00\" \/>\n<meta property=\"og:image\" content=\"https:\/\/artedesign.us\/wp-content\/uploads\/2020\/03\/about-welcome.jpg\" \/>\n\t<meta property=\"og:image:width\" content=\"707\" \/>\n\t<meta property=\"og:image:height\" content=\"819\" \/>\n\t<meta property=\"og:image:type\" content=\"image\/jpeg\" \/>\n<meta name=\"twitter:card\" content=\"summary_large_image\" \/>\n<meta name=\"twitter:site\" content=\"@Art_e_Design\" \/>\n<meta name=\"twitter:label1\" content=\"Est. reading time\" \/>\n\t<meta name=\"twitter:data1\" content=\"2 minutes\" \/>\n<script type=\"application\/ld+json\" class=\"yoast-schema-graph\">{\"@context\":\"https:\/\/schema.org\",\"@graph\":[{\"@type\":\"WebPage\",\"@id\":\"https:\/\/artedesign.us\/empresa\/\",\"url\":\"https:\/\/artedesign.us\/empresa\/\",\"name\":\"Empresa - Art &amp; Design - Ag\u00eancia de Marketing Digital\",\"isPartOf\":{\"@id\":\"https:\/\/artedesign.us\/#website\"},\"primaryImageOfPage\":{\"@id\":\"https:\/\/artedesign.us\/empresa\/#primaryimage\"},\"image\":{\"@id\":\"https:\/\/artedesign.us\/empresa\/#primaryimage\"},\"thumbnailUrl\":\"https:\/\/artedesign.us\/wp-content\/uploads\/2020\/03\/about-welcome.jpg\",\"datePublished\":\"2020-02-17T19:59:59+00:00\",\"dateModified\":\"2025-12-15T19:45:33+00:00\",\"breadcrumb\":{\"@id\":\"https:\/\/artedesign.us\/empresa\/#breadcrumb\"},\"inLanguage\":\"en-US\",\"potentialAction\":[{\"@type\":\"ReadAction\",\"target\":[\"https:\/\/artedesign.us\/empresa\/\"]}]},{\"@type\":\"ImageObject\",\"inLanguage\":\"en-US\",\"@id\":\"https:\/\/artedesign.us\/empresa\/#primaryimage\",\"url\":\"https:\/\/artedesign.us\/wp-content\/uploads\/2020\/03\/about-welcome.jpg\",\"contentUrl\":\"https:\/\/artedesign.us\/wp-content\/uploads\/2020\/03\/about-welcome.jpg\"},{\"@type\":\"BreadcrumbList\",\"@id\":\"https:\/\/artedesign.us\/empresa\/#breadcrumb\",\"itemListElement\":[{\"@type\":\"ListItem\",\"position\":1,\"name\":\"In\u00edcio\",\"item\":\"https:\/\/artedesign.us\/\"},{\"@type\":\"ListItem\",\"position\":2,\"name\":\"Empresa\"}]},{\"@type\":\"WebSite\",\"@id\":\"https:\/\/artedesign.us\/#website\",\"url\":\"https:\/\/artedesign.us\/\",\"name\":\"Art & Design - Ag\u00eancia de Marketing Digital\",\"description\":\"Desenvolvimento de Websites, Aplicativos, Lojas Virtuais, Cria\u00e7\u00e3o de Logomarcas, Marketing Digital, Registro de Dom\u00ednios, Hospedagem e Manuten\u00e7\u00e3o de Websites\",\"publisher\":{\"@id\":\"https:\/\/artedesign.us\/#organization\"},\"potentialAction\":[{\"@type\":\"SearchAction\",\"target\":{\"@type\":\"EntryPoint\",\"urlTemplate\":\"https:\/\/artedesign.us\/?s={search_term_string}\"},\"query-input\":{\"@type\":\"PropertyValueSpecification\",\"valueRequired\":true,\"valueName\":\"search_term_string\"}}],\"inLanguage\":\"en-US\"},{\"@type\":\"Organization\",\"@id\":\"https:\/\/artedesign.us\/#organization\",\"name\":\"Art & Design - Ag\u00eancia de Marketing Digital\",\"url\":\"https:\/\/artedesign.us\/\",\"logo\":{\"@type\":\"ImageObject\",\"inLanguage\":\"en-US\",\"@id\":\"https:\/\/artedesign.us\/#\/schema\/logo\/image\/\",\"url\":\"https:\/\/artedesign.us\/wp-content\/uploads\/2021\/02\/logo_ad_transparente_72.png\",\"contentUrl\":\"https:\/\/artedesign.us\/wp-content\/uploads\/2021\/02\/logo_ad_transparente_72.png\",\"width\":700,\"height\":597,\"caption\":\"Art & Design - Ag\u00eancia de Marketing Digital\"},\"image\":{\"@id\":\"https:\/\/artedesign.us\/#\/schema\/logo\/image\/\"},\"sameAs\":[\"https:\/\/www.facebook.com\/artedesign1996\",\"https:\/\/x.com\/Art_e_Design\"]}]}<\/script>\n<!-- \/ Yoast SEO plugin. -->","yoast_head_json":{"title":"Empresa - Art &amp; Design - Ag\u00eancia de Marketing Digital","robots":{"index":"index","follow":"follow","max-snippet":"max-snippet:-1","max-image-preview":"max-image-preview:large","max-video-preview":"max-video-preview:-1"},"canonical":"https:\/\/artedesign.us\/en\/empresa\/","og_locale":"en_US","og_type":"article","og_title":"Empresa - Art &amp; Design - Ag\u00eancia de Marketing Digital","og_description":"A Art &amp; Design \u00e9 uma empresa jovem, tendo iniciado suas atividades em 1996. No come\u00e7o atu\u00e1vamos apenas na cria\u00e7\u00e3o de logotipos, arte final para folders, cat\u00e1logos, etc. Ainda no ano de 1996 iniciamos nosso caminho na Internet, passando pelos primeiros Netscapes, Explorers, utilizando o antigo Mosaic, estudando as incompatibilidades [&hellip;]","og_url":"https:\/\/artedesign.us\/en\/empresa\/","og_site_name":"Art &amp; Design - Ag\u00eancia de Marketing Digital","article_publisher":"https:\/\/www.facebook.com\/artedesign1996","article_modified_time":"2025-12-15T19:45:33+00:00","og_image":[{"width":707,"height":819,"url":"https:\/\/artedesign.us\/wp-content\/uploads\/2020\/03\/about-welcome.jpg","type":"image\/jpeg"}],"twitter_card":"summary_large_image","twitter_site":"@Art_e_Design","twitter_misc":{"Est. reading time":"2 minutes"},"schema":{"@context":"https:\/\/schema.org","@graph":[{"@type":"WebPage","@id":"https:\/\/artedesign.us\/empresa\/","url":"https:\/\/artedesign.us\/empresa\/","name":"Empresa - Art &amp; Design - Ag\u00eancia de Marketing Digital","isPartOf":{"@id":"https:\/\/artedesign.us\/#website"},"primaryImageOfPage":{"@id":"https:\/\/artedesign.us\/empresa\/#primaryimage"},"image":{"@id":"https:\/\/artedesign.us\/empresa\/#primaryimage"},"thumbnailUrl":"https:\/\/artedesign.us\/wp-content\/uploads\/2020\/03\/about-welcome.jpg","datePublished":"2020-02-17T19:59:59+00:00","dateModified":"2025-12-15T19:45:33+00:00","breadcrumb":{"@id":"https:\/\/artedesign.us\/empresa\/#breadcrumb"},"inLanguage":"en-US","potentialAction":[{"@type":"ReadAction","target":["https:\/\/artedesign.us\/empresa\/"]}]},{"@type":"ImageObject","inLanguage":"en-US","@id":"https:\/\/artedesign.us\/empresa\/#primaryimage","url":"https:\/\/artedesign.us\/wp-content\/uploads\/2020\/03\/about-welcome.jpg","contentUrl":"https:\/\/artedesign.us\/wp-content\/uploads\/2020\/03\/about-welcome.jpg"},{"@type":"BreadcrumbList","@id":"https:\/\/artedesign.us\/empresa\/#breadcrumb","itemListElement":[{"@type":"ListItem","position":1,"name":"In\u00edcio","item":"https:\/\/artedesign.us\/"},{"@type":"ListItem","position":2,"name":"Empresa"}]},{"@type":"WebSite","@id":"https:\/\/artedesign.us\/#website","url":"https:\/\/artedesign.us\/","name":"Art & Design - Ag\u00eancia de Marketing Digital","description":"Desenvolvimento de Websites, Aplicativos, Lojas Virtuais, Cria\u00e7\u00e3o de Logomarcas, Marketing Digital, Registro de Dom\u00ednios, Hospedagem e Manuten\u00e7\u00e3o de Websites","publisher":{"@id":"https:\/\/artedesign.us\/#organization"},"potentialAction":[{"@type":"SearchAction","target":{"@type":"EntryPoint","urlTemplate":"https:\/\/artedesign.us\/?s={search_term_string}"},"query-input":{"@type":"PropertyValueSpecification","valueRequired":true,"valueName":"search_term_string"}}],"inLanguage":"en-US"},{"@type":"Organization","@id":"https:\/\/artedesign.us\/#organization","name":"Art & Design - Ag\u00eancia de Marketing Digital","url":"https:\/\/artedesign.us\/","logo":{"@type":"ImageObject","inLanguage":"en-US","@id":"https:\/\/artedesign.us\/#\/schema\/logo\/image\/","url":"https:\/\/artedesign.us\/wp-content\/uploads\/2021\/02\/logo_ad_transparente_72.png","contentUrl":"https:\/\/artedesign.us\/wp-content\/uploads\/2021\/02\/logo_ad_transparente_72.png","width":700,"height":597,"caption":"Art & Design - Ag\u00eancia de Marketing Digital"},"image":{"@id":"https:\/\/artedesign.us\/#\/schema\/logo\/image\/"},"sameAs":["https:\/\/www.facebook.com\/artedesign1996","https:\/\/x.com\/Art_e_Design"]}]}},"_links":{"self":[{"href":"https:\/\/artedesign.us\/en\/wp-json\/wp\/v2\/pages\/161","targetHints":{"allow":["GET"]}}],"collection":[{"href":"https:\/\/artedesign.us\/en\/wp-json\/wp\/v2\/pages"}],"about":[{"href":"https:\/\/artedesign.us\/en\/wp-json\/wp\/v2\/types\/page"}],"author":[{"embeddable":true,"href":"https:\/\/artedesign.us\/en\/wp-json\/wp\/v2\/users\/2"}],"replies":[{"embeddable":true,"href":"https:\/\/artedesign.us\/en\/wp-json\/wp\/v2\/comments?post=161"}],"version-history":[{"count":57,"href":"https:\/\/artedesign.us\/en\/wp-json\/wp\/v2\/pages\/161\/revisions"}],"predecessor-version":[{"id":2488,"href":"https:\/\/artedesign.us\/en\/wp-json\/wp\/v2\/pages\/161\/revisions\/2488"}],"wp:attachment":[{"href":"https:\/\/artedesign.us\/en\/wp-json\/wp\/v2\/media?parent=161"}],"curies":[{"name":"wp","href":"https:\/\/api.w.org\/{rel}","templated":true}]}}