{"id":1739,"date":"2020-04-10T14:25:02","date_gmt":"2020-04-10T18:25:02","guid":{"rendered":"http:\/\/bizix.premiumthemes.in\/?page_id=1739"},"modified":"2024-08-21T08:33:33","modified_gmt":"2024-08-21T12:33:33","slug":"portfolio","status":"publish","type":"page","link":"https:\/\/artedesign.us\/en\/portfolio\/","title":{"rendered":"Portf\u00f3lio"},"content":{"rendered":"<div data-elementor-type=\"wp-page\" data-elementor-id=\"1739\" class=\"elementor elementor-1739\" data-elementor-post-type=\"page\">\n\t\t\t\t\t\t<section class=\"elementor-section elementor-top-section elementor-element elementor-element-5b03fb72 elementor-section-stretched elementor-section-boxed elementor-section-height-default elementor-section-height-default\" data-id=\"5b03fb72\" data-element_type=\"section\" data-e-type=\"section\" data-settings=\"{&quot;stretch_section&quot;:&quot;section-stretched&quot;,&quot;background_background&quot;:&quot;classic&quot;}\">\n\t\t\t\t\t\t<div class=\"elementor-container elementor-column-gap-no\">\n\t\t\t\t\t<div class=\"elementor-column elementor-col-100 elementor-top-column elementor-element elementor-element-471abf01\" data-id=\"471abf01\" data-element_type=\"column\" data-e-type=\"column\">\n\t\t\t<div class=\"elementor-widget-wrap elementor-element-populated\">\n\t\t\t\t\t\t<div class=\"elementor-element elementor-element-31f63980 elementor-widget elementor-widget-spacer\" data-id=\"31f63980\" data-element_type=\"widget\" data-e-type=\"widget\" data-widget_type=\"spacer.default\">\n\t\t\t\t<div class=\"elementor-widget-container\">\n\t\t\t\t\t\t\t<div class=\"elementor-spacer\">\n\t\t\t<div class=\"elementor-spacer-inner\"><\/div>\n\t\t<\/div>\n\t\t\t\t\t\t<\/div>\n\t\t\t\t<\/div>\n\t\t\t\t\t<\/div>\n\t\t<\/div>\n\t\t\t\t\t<\/div>\n\t\t<\/section>\n\t\t\t\t<section class=\"elementor-section elementor-top-section elementor-element elementor-element-7bbd9ae4 elementor-section-boxed elementor-section-height-default elementor-section-height-default\" data-id=\"7bbd9ae4\" data-element_type=\"section\" data-e-type=\"section\">\n\t\t\t\t\t\t<div class=\"elementor-container elementor-column-gap-default\">\n\t\t\t\t\t<div class=\"elementor-column elementor-col-100 elementor-top-column elementor-element elementor-element-729f8092\" data-id=\"729f8092\" data-element_type=\"column\" data-e-type=\"column\">\n\t\t\t<div class=\"elementor-widget-wrap elementor-element-populated\">\n\t\t\t\t\t\t<div class=\"elementor-element elementor-element-2f933072 elementor-grid-2 elementor-grid-tablet-2 elementor-grid-mobile-1 elementor-widget elementor-widget-gyan_portfolio\" data-id=\"2f933072\" data-element_type=\"widget\" data-e-type=\"widget\" data-settings=\"{&quot;columns&quot;:&quot;2&quot;,&quot;columns_tablet&quot;:&quot;2&quot;,&quot;columns_mobile&quot;:&quot;1&quot;}\" data-widget_type=\"gyan_portfolio.default\">\n\t\t\t\t<div class=\"elementor-widget-container\">\n\t\t\t\t\t        <div class=\"gyan-portfolio gyan-portfolio-2f933072\"\n        data-layout=\"grid\" data-rtl=\"false\">\n\n            <div class=\"gyan-portfolio-btns\"><button class=\"gyan-portfolio-btn gyan-button is-checked\" data-filter=\"*\">Todos<\/button><button href=\"#\" class=\"gyan-portfolio-btn gyan-button\" data-filter=\".cat-14\" title=\"Apps\">Apps<\/button><button href=\"#\" class=\"gyan-portfolio-btn gyan-button\" data-filter=\".cat-13\" title=\"Design Gr\u00e1fico\">Design Gr\u00e1fico<\/button><button href=\"#\" class=\"gyan-portfolio-btn gyan-button\" data-filter=\".cat-17\" title=\"Web Design\">Web Design<\/button>\n<\/div>\n            <div class=\"gyan-portfolio-grid gyan-elementor-grid gyan-pf-style-3 gyan-pf-overlay-scale gyan-pf-content-center\" >\n                                    <div class=\"gyan-portfolio-item gyan-grid-item-wrap cat-13 cat-17\">\n                            <div class=\"gyan-portfolio-item-inner gyan-grid-item\">\n                                <div class=\"gyan-portfolio-img-holder\">\n    <img decoding=\"async\" src=\"https:\/\/artedesign.us\/wp-content\/uploads\/2021\/02\/logo_site_port.png\" alt=\"\" \/>\n        <div class=\"gyan-portfolio-overlay gyan-overlay gyan-flex\">\n\n            \n                <div class=\"gyan-portfolio-hover-icons gyan-flex gyan-ease-transition\"><a class=\"elementor-clickable gyan-portfolio-zoom-icon gyan-ease-transition gyan-flex\" data-elementor-open-lightbox=\"yes\" data-elementor-lightbox-slideshow=\"2f933072\" data-elementor-lightbox-index=\"0\" href=\"https:\/\/artedesign.us\/wp-content\/uploads\/2021\/02\/logo_site_port.png\" ><span class=\"gyan-icon\"><i aria-hidden=\"true\" class=\"fas fa-expand-alt\"><\/i><\/span><\/a><a href=\"https:\/\/artedesign.us\/en\/portfolio-item\/home-decor-homes\/\" class=\"gyan-portfolio-link-icon gyan-ease-transition gyan-flex\"><span class=\"gyan-icon\"><i aria-hidden=\"true\" class=\"fas fa-share\"><\/i><\/span><\/a><\/div>\n\n            \n\n        <\/div>\n\n     \n<\/div>\n<div class=\"clear\"><\/div>\n\n\n<div class=\"gyan-portfolio-all-content gyan-ease-transition\">\n\n        <div class=\"gyan-portfolio-content gyan-ease-transition\">\n\n                             <div class=\"gyan-portfolio-title\">\n                    <h4  class=\"gyan-portfolio-title-tag\">\n                                            <a href=\"https:\/\/artedesign.us\/en\/portfolio-item\/home-decor-homes\/\" class=\"gyan-portfolio-title-link\">\n                    \n                    Home Decor Homes\n                                            <\/a>\n                                        <\/h4>\n                <\/div>\n            \n            <div class=\"gyan-portfolio-category\">Design Gr\u00e1fico, Web Design<\/div>\n            \n        <\/div>\n<\/div>\n\n                            <\/div>\n                        <\/div>\n                                                    <div class=\"gyan-portfolio-item gyan-grid-item-wrap cat-14\">\n                            <div class=\"gyan-portfolio-item-inner gyan-grid-item\">\n                                <div class=\"gyan-portfolio-img-holder\">\n    <img decoding=\"async\" src=\"https:\/\/artedesign.us\/wp-content\/uploads\/2021\/02\/logo_acai_port.png\" alt=\"\" \/>\n        <div class=\"gyan-portfolio-overlay gyan-overlay gyan-flex\">\n\n            \n                <div class=\"gyan-portfolio-hover-icons gyan-flex gyan-ease-transition\"><a class=\"elementor-clickable gyan-portfolio-zoom-icon gyan-ease-transition gyan-flex\" data-elementor-open-lightbox=\"yes\" data-elementor-lightbox-slideshow=\"2f933072\" data-elementor-lightbox-index=\"1\" href=\"https:\/\/artedesign.us\/wp-content\/uploads\/2021\/02\/logo_acai_port.png\" ><span class=\"gyan-icon\"><i aria-hidden=\"true\" class=\"fas fa-expand-alt\"><\/i><\/span><\/a><a href=\"https:\/\/artedesign.us\/en\/portfolio-item\/rei-do-acai-king-of-acai\/\" class=\"gyan-portfolio-link-icon gyan-ease-transition gyan-flex\"><span class=\"gyan-icon\"><i aria-hidden=\"true\" class=\"fas fa-share\"><\/i><\/span><\/a><\/div>\n\n            \n\n        <\/div>\n\n     \n<\/div>\n<div class=\"clear\"><\/div>\n\n\n<div class=\"gyan-portfolio-all-content gyan-ease-transition\">\n\n        <div class=\"gyan-portfolio-content gyan-ease-transition\">\n\n                             <div class=\"gyan-portfolio-title\">\n                    <h4  class=\"gyan-portfolio-title-tag\">\n                                            <a href=\"https:\/\/artedesign.us\/en\/portfolio-item\/rei-do-acai-king-of-acai\/\" class=\"gyan-portfolio-title-link\">\n                    \n                    Rei do A\u00e7a\u00ed &#8211; King of A\u00e7a\u00ed\n                                            <\/a>\n                                        <\/h4>\n                <\/div>\n            \n            <div class=\"gyan-portfolio-category\">Apps<\/div>\n            \n        <\/div>\n<\/div>\n\n                            <\/div>\n                        <\/div>\n                                                    <div class=\"gyan-portfolio-item gyan-grid-item-wrap cat-13 cat-17\">\n                            <div class=\"gyan-portfolio-item-inner gyan-grid-item\">\n                                <div class=\"gyan-portfolio-img-holder\">\n    <img decoding=\"async\" src=\"https:\/\/artedesign.us\/wp-content\/uploads\/2020\/02\/croft1.png\" alt=\"\" \/>\n        <div class=\"gyan-portfolio-overlay gyan-overlay gyan-flex\">\n\n            \n                <div class=\"gyan-portfolio-hover-icons gyan-flex gyan-ease-transition\"><a class=\"elementor-clickable gyan-portfolio-zoom-icon gyan-ease-transition gyan-flex\" data-elementor-open-lightbox=\"yes\" data-elementor-lightbox-slideshow=\"2f933072\" data-elementor-lightbox-index=\"2\" href=\"https:\/\/artedesign.us\/wp-content\/uploads\/2020\/02\/croft1.png\" ><span class=\"gyan-icon\"><i aria-hidden=\"true\" class=\"fas fa-expand-alt\"><\/i><\/span><\/a><a href=\"https:\/\/artedesign.us\/en\/portfolio-item\/croft-invest-usa\/\" class=\"gyan-portfolio-link-icon gyan-ease-transition gyan-flex\"><span class=\"gyan-icon\"><i aria-hidden=\"true\" class=\"fas fa-share\"><\/i><\/span><\/a><\/div>\n\n            \n\n        <\/div>\n\n     \n<\/div>\n<div class=\"clear\"><\/div>\n\n\n<div class=\"gyan-portfolio-all-content gyan-ease-transition\">\n\n        <div class=\"gyan-portfolio-content gyan-ease-transition\">\n\n                             <div class=\"gyan-portfolio-title\">\n                    <h4  class=\"gyan-portfolio-title-tag\">\n                                            <a href=\"https:\/\/artedesign.us\/en\/portfolio-item\/croft-invest-usa\/\" class=\"gyan-portfolio-title-link\">\n                    \n                    Croft Invest Usa\n                                            <\/a>\n                                        <\/h4>\n                <\/div>\n            \n            <div class=\"gyan-portfolio-category\">Design Gr\u00e1fico, Web Design<\/div>\n            \n        <\/div>\n<\/div>\n\n                            <\/div>\n                        <\/div>\n                                                    <div class=\"gyan-portfolio-item gyan-grid-item-wrap cat-13 cat-17\">\n                            <div class=\"gyan-portfolio-item-inner gyan-grid-item\">\n                                <div class=\"gyan-portfolio-img-holder\">\n    <img decoding=\"async\" src=\"https:\/\/artedesign.us\/wp-content\/uploads\/2020\/02\/logo1guia.png\" alt=\"\" \/>\n        <div class=\"gyan-portfolio-overlay gyan-overlay gyan-flex\">\n\n            \n                <div class=\"gyan-portfolio-hover-icons gyan-flex gyan-ease-transition\"><a class=\"elementor-clickable gyan-portfolio-zoom-icon gyan-ease-transition gyan-flex\" data-elementor-open-lightbox=\"yes\" data-elementor-lightbox-slideshow=\"2f933072\" data-elementor-lightbox-index=\"3\" href=\"https:\/\/artedesign.us\/wp-content\/uploads\/2020\/02\/logo1guia.png\" ><span class=\"gyan-icon\"><i aria-hidden=\"true\" class=\"fas fa-expand-alt\"><\/i><\/span><\/a><a href=\"https:\/\/artedesign.us\/en\/portfolio-item\/guia-americas\/\" class=\"gyan-portfolio-link-icon gyan-ease-transition gyan-flex\"><span class=\"gyan-icon\"><i aria-hidden=\"true\" class=\"fas fa-share\"><\/i><\/span><\/a><\/div>\n\n            \n\n        <\/div>\n\n     \n<\/div>\n<div class=\"clear\"><\/div>\n\n\n<div class=\"gyan-portfolio-all-content gyan-ease-transition\">\n\n        <div class=\"gyan-portfolio-content gyan-ease-transition\">\n\n                             <div class=\"gyan-portfolio-title\">\n                    <h4  class=\"gyan-portfolio-title-tag\">\n                                            <a href=\"https:\/\/artedesign.us\/en\/portfolio-item\/guia-americas\/\" class=\"gyan-portfolio-title-link\">\n                    \n                    Guia Am\u00e9ricas\n                                            <\/a>\n                                        <\/h4>\n                <\/div>\n            \n            <div class=\"gyan-portfolio-category\">Design Gr\u00e1fico, Web Design<\/div>\n            \n        <\/div>\n<\/div>\n\n                            <\/div>\n                        <\/div>\n                                                    <div class=\"gyan-portfolio-item gyan-grid-item-wrap cat-13 cat-17\">\n                            <div class=\"gyan-portfolio-item-inner gyan-grid-item\">\n                                <div class=\"gyan-portfolio-img-holder\">\n    <img decoding=\"async\" src=\"https:\/\/artedesign.us\/wp-content\/uploads\/2020\/02\/logo_curso_72.png\" alt=\"\" \/>\n        <div class=\"gyan-portfolio-overlay gyan-overlay gyan-flex\">\n\n            \n                <div class=\"gyan-portfolio-hover-icons gyan-flex gyan-ease-transition\"><a class=\"elementor-clickable gyan-portfolio-zoom-icon gyan-ease-transition gyan-flex\" data-elementor-open-lightbox=\"yes\" data-elementor-lightbox-slideshow=\"2f933072\" data-elementor-lightbox-index=\"4\" href=\"https:\/\/artedesign.us\/wp-content\/uploads\/2020\/02\/logo_curso_72.png\" ><span class=\"gyan-icon\"><i aria-hidden=\"true\" class=\"fas fa-expand-alt\"><\/i><\/span><\/a><a href=\"https:\/\/artedesign.us\/en\/portfolio-item\/curso-teologico\/\" class=\"gyan-portfolio-link-icon gyan-ease-transition gyan-flex\"><span class=\"gyan-icon\"><i aria-hidden=\"true\" class=\"fas fa-share\"><\/i><\/span><\/a><\/div>\n\n            \n\n        <\/div>\n\n     \n<\/div>\n<div class=\"clear\"><\/div>\n\n\n<div class=\"gyan-portfolio-all-content gyan-ease-transition\">\n\n        <div class=\"gyan-portfolio-content gyan-ease-transition\">\n\n                             <div class=\"gyan-portfolio-title\">\n                    <h4  class=\"gyan-portfolio-title-tag\">\n                                            <a href=\"https:\/\/artedesign.us\/en\/portfolio-item\/curso-teologico\/\" class=\"gyan-portfolio-title-link\">\n                    \n                    Curso Teol\u00f3gico\n                                            <\/a>\n                                        <\/h4>\n                <\/div>\n            \n            <div class=\"gyan-portfolio-category\">Design Gr\u00e1fico, Web Design<\/div>\n            \n        <\/div>\n<\/div>\n\n                            <\/div>\n                        <\/div>\n                                        <\/div><div class=\"clear\"><\/div>\n        <\/div>\n\n         \n        \t\t\t\t<\/div>\n\t\t\t\t<\/div>\n\t\t\t\t\t<\/div>\n\t\t<\/div>\n\t\t\t\t\t<\/div>\n\t\t<\/section>\n\t\t\t\t<\/div>","protected":false},"excerpt":{"rendered":"<p>TodosAppsDesign Gr\u00e1ficoWeb Design Home Decor Homes Design Gr\u00e1fico, Web Design Rei do A\u00e7a\u00ed &#8211; King of A\u00e7a\u00ed Apps Croft Invest Usa Design Gr\u00e1fico, Web Design Guia Am\u00e9ricas Design Gr\u00e1fico, Web Design Curso Teol\u00f3gico Design Gr\u00e1fico, Web Design<\/p>","protected":false},"author":2,"featured_media":0,"parent":0,"menu_order":0,"comment_status":"closed","ping_status":"closed","template":"elementor_header_footer","meta":{"content-type":"","om_disable_all_campaigns":false,"_monsterinsights_skip_tracking":false,"_monsterinsights_sitenote_active":false,"_monsterinsights_sitenote_note":"","_monsterinsights_sitenote_category":0,"footnotes":""},"class_list":["post-1739","page","type-page","status-publish","hentry"],"aioseo_notices":[],"yoast_head":"<!-- This site is optimized with the Yoast SEO plugin v27.2 - https:\/\/yoast.com\/product\/yoast-seo-wordpress\/ -->\n<title>Portf\u00f3lio - Art &amp; Design - Ag\u00eancia de Marketing Digital<\/title>\n<meta name=\"robots\" content=\"index, follow, max-snippet:-1, max-image-preview:large, max-video-preview:-1\" \/>\n<link rel=\"canonical\" href=\"https:\/\/artedesign.us\/en\/portfolio\/\" \/>\n<meta property=\"og:locale\" content=\"en_US\" \/>\n<meta property=\"og:type\" content=\"article\" \/>\n<meta property=\"og:title\" content=\"Portf\u00f3lio - Art &amp; Design - Ag\u00eancia de Marketing Digital\" \/>\n<meta property=\"og:description\" content=\"TodosAppsDesign Gr\u00e1ficoWeb Design Home Decor Homes Design Gr\u00e1fico, Web Design Rei do A\u00e7a\u00ed &#8211; King of A\u00e7a\u00ed Apps Croft Invest Usa Design Gr\u00e1fico, Web Design Guia Am\u00e9ricas Design Gr\u00e1fico, Web Design Curso Teol\u00f3gico Design Gr\u00e1fico, Web Design\" \/>\n<meta property=\"og:url\" content=\"https:\/\/artedesign.us\/en\/portfolio\/\" \/>\n<meta property=\"og:site_name\" content=\"Art &amp; Design - Ag\u00eancia de Marketing Digital\" \/>\n<meta property=\"article:publisher\" content=\"https:\/\/www.facebook.com\/artedesign1996\" \/>\n<meta property=\"article:modified_time\" content=\"2024-08-21T12:33:33+00:00\" \/>\n<meta property=\"og:image\" content=\"https:\/\/artedesign.us\/wp-content\/uploads\/2021\/02\/logo_site_port.png\" \/>\n<meta name=\"twitter:card\" content=\"summary_large_image\" \/>\n<meta name=\"twitter:site\" content=\"@Art_e_Design\" \/>\n<meta name=\"twitter:label1\" content=\"Est. reading time\" \/>\n\t<meta name=\"twitter:data1\" content=\"2 minutes\" \/>\n<script type=\"application\/ld+json\" class=\"yoast-schema-graph\">{\"@context\":\"https:\/\/schema.org\",\"@graph\":[{\"@type\":\"WebPage\",\"@id\":\"https:\/\/artedesign.us\/portfolio\/\",\"url\":\"https:\/\/artedesign.us\/portfolio\/\",\"name\":\"Portf\u00f3lio - Art &amp; Design - Ag\u00eancia de Marketing Digital\",\"isPartOf\":{\"@id\":\"https:\/\/artedesign.us\/#website\"},\"primaryImageOfPage\":{\"@id\":\"https:\/\/artedesign.us\/portfolio\/#primaryimage\"},\"image\":{\"@id\":\"https:\/\/artedesign.us\/portfolio\/#primaryimage\"},\"thumbnailUrl\":\"https:\/\/artedesign.us\/wp-content\/uploads\/2021\/02\/logo_site_port.png\",\"datePublished\":\"2020-04-10T18:25:02+00:00\",\"dateModified\":\"2024-08-21T12:33:33+00:00\",\"breadcrumb\":{\"@id\":\"https:\/\/artedesign.us\/portfolio\/#breadcrumb\"},\"inLanguage\":\"en-US\",\"potentialAction\":[{\"@type\":\"ReadAction\",\"target\":[\"https:\/\/artedesign.us\/portfolio\/\"]}]},{\"@type\":\"ImageObject\",\"inLanguage\":\"en-US\",\"@id\":\"https:\/\/artedesign.us\/portfolio\/#primaryimage\",\"url\":\"https:\/\/artedesign.us\/wp-content\/uploads\/2021\/02\/logo_site_port.png\",\"contentUrl\":\"https:\/\/artedesign.us\/wp-content\/uploads\/2021\/02\/logo_site_port.png\"},{\"@type\":\"BreadcrumbList\",\"@id\":\"https:\/\/artedesign.us\/portfolio\/#breadcrumb\",\"itemListElement\":[{\"@type\":\"ListItem\",\"position\":1,\"name\":\"In\u00edcio\",\"item\":\"https:\/\/artedesign.us\/\"},{\"@type\":\"ListItem\",\"position\":2,\"name\":\"Portf\u00f3lio\"}]},{\"@type\":\"WebSite\",\"@id\":\"https:\/\/artedesign.us\/#website\",\"url\":\"https:\/\/artedesign.us\/\",\"name\":\"Art & Design - Ag\u00eancia de Marketing Digital\",\"description\":\"Desenvolvimento de Websites, Aplicativos, Lojas Virtuais, Cria\u00e7\u00e3o de Logomarcas, Marketing Digital, Registro de Dom\u00ednios, Hospedagem e Manuten\u00e7\u00e3o de Websites\",\"publisher\":{\"@id\":\"https:\/\/artedesign.us\/#organization\"},\"potentialAction\":[{\"@type\":\"SearchAction\",\"target\":{\"@type\":\"EntryPoint\",\"urlTemplate\":\"https:\/\/artedesign.us\/?s={search_term_string}\"},\"query-input\":{\"@type\":\"PropertyValueSpecification\",\"valueRequired\":true,\"valueName\":\"search_term_string\"}}],\"inLanguage\":\"en-US\"},{\"@type\":\"Organization\",\"@id\":\"https:\/\/artedesign.us\/#organization\",\"name\":\"Art & Design - Ag\u00eancia de Marketing Digital\",\"url\":\"https:\/\/artedesign.us\/\",\"logo\":{\"@type\":\"ImageObject\",\"inLanguage\":\"en-US\",\"@id\":\"https:\/\/artedesign.us\/#\/schema\/logo\/image\/\",\"url\":\"https:\/\/artedesign.us\/wp-content\/uploads\/2021\/02\/logo_ad_transparente_72.png\",\"contentUrl\":\"https:\/\/artedesign.us\/wp-content\/uploads\/2021\/02\/logo_ad_transparente_72.png\",\"width\":700,\"height\":597,\"caption\":\"Art & Design - Ag\u00eancia de Marketing Digital\"},\"image\":{\"@id\":\"https:\/\/artedesign.us\/#\/schema\/logo\/image\/\"},\"sameAs\":[\"https:\/\/www.facebook.com\/artedesign1996\",\"https:\/\/x.com\/Art_e_Design\"]}]}<\/script>\n<!-- \/ Yoast SEO plugin. -->","yoast_head_json":{"title":"Portf\u00f3lio - Art &amp; Design - Ag\u00eancia de Marketing Digital","robots":{"index":"index","follow":"follow","max-snippet":"max-snippet:-1","max-image-preview":"max-image-preview:large","max-video-preview":"max-video-preview:-1"},"canonical":"https:\/\/artedesign.us\/en\/portfolio\/","og_locale":"en_US","og_type":"article","og_title":"Portf\u00f3lio - Art &amp; Design - Ag\u00eancia de Marketing Digital","og_description":"TodosAppsDesign Gr\u00e1ficoWeb Design Home Decor Homes Design Gr\u00e1fico, Web Design Rei do A\u00e7a\u00ed &#8211; King of A\u00e7a\u00ed Apps Croft Invest Usa Design Gr\u00e1fico, Web Design Guia Am\u00e9ricas Design Gr\u00e1fico, Web Design Curso Teol\u00f3gico Design Gr\u00e1fico, Web Design","og_url":"https:\/\/artedesign.us\/en\/portfolio\/","og_site_name":"Art &amp; Design - Ag\u00eancia de Marketing Digital","article_publisher":"https:\/\/www.facebook.com\/artedesign1996","article_modified_time":"2024-08-21T12:33:33+00:00","og_image":[{"url":"https:\/\/artedesign.us\/wp-content\/uploads\/2021\/02\/logo_site_port.png","type":"","width":"","height":""}],"twitter_card":"summary_large_image","twitter_site":"@Art_e_Design","twitter_misc":{"Est. reading time":"2 minutes"},"schema":{"@context":"https:\/\/schema.org","@graph":[{"@type":"WebPage","@id":"https:\/\/artedesign.us\/portfolio\/","url":"https:\/\/artedesign.us\/portfolio\/","name":"Portf\u00f3lio - Art &amp; Design - Ag\u00eancia de Marketing Digital","isPartOf":{"@id":"https:\/\/artedesign.us\/#website"},"primaryImageOfPage":{"@id":"https:\/\/artedesign.us\/portfolio\/#primaryimage"},"image":{"@id":"https:\/\/artedesign.us\/portfolio\/#primaryimage"},"thumbnailUrl":"https:\/\/artedesign.us\/wp-content\/uploads\/2021\/02\/logo_site_port.png","datePublished":"2020-04-10T18:25:02+00:00","dateModified":"2024-08-21T12:33:33+00:00","breadcrumb":{"@id":"https:\/\/artedesign.us\/portfolio\/#breadcrumb"},"inLanguage":"en-US","potentialAction":[{"@type":"ReadAction","target":["https:\/\/artedesign.us\/portfolio\/"]}]},{"@type":"ImageObject","inLanguage":"en-US","@id":"https:\/\/artedesign.us\/portfolio\/#primaryimage","url":"https:\/\/artedesign.us\/wp-content\/uploads\/2021\/02\/logo_site_port.png","contentUrl":"https:\/\/artedesign.us\/wp-content\/uploads\/2021\/02\/logo_site_port.png"},{"@type":"BreadcrumbList","@id":"https:\/\/artedesign.us\/portfolio\/#breadcrumb","itemListElement":[{"@type":"ListItem","position":1,"name":"In\u00edcio","item":"https:\/\/artedesign.us\/"},{"@type":"ListItem","position":2,"name":"Portf\u00f3lio"}]},{"@type":"WebSite","@id":"https:\/\/artedesign.us\/#website","url":"https:\/\/artedesign.us\/","name":"Art & Design - Ag\u00eancia de Marketing Digital","description":"Desenvolvimento de Websites, Aplicativos, Lojas Virtuais, Cria\u00e7\u00e3o de Logomarcas, Marketing Digital, Registro de Dom\u00ednios, Hospedagem e Manuten\u00e7\u00e3o de Websites","publisher":{"@id":"https:\/\/artedesign.us\/#organization"},"potentialAction":[{"@type":"SearchAction","target":{"@type":"EntryPoint","urlTemplate":"https:\/\/artedesign.us\/?s={search_term_string}"},"query-input":{"@type":"PropertyValueSpecification","valueRequired":true,"valueName":"search_term_string"}}],"inLanguage":"en-US"},{"@type":"Organization","@id":"https:\/\/artedesign.us\/#organization","name":"Art & Design - Ag\u00eancia de Marketing Digital","url":"https:\/\/artedesign.us\/","logo":{"@type":"ImageObject","inLanguage":"en-US","@id":"https:\/\/artedesign.us\/#\/schema\/logo\/image\/","url":"https:\/\/artedesign.us\/wp-content\/uploads\/2021\/02\/logo_ad_transparente_72.png","contentUrl":"https:\/\/artedesign.us\/wp-content\/uploads\/2021\/02\/logo_ad_transparente_72.png","width":700,"height":597,"caption":"Art & Design - Ag\u00eancia de Marketing Digital"},"image":{"@id":"https:\/\/artedesign.us\/#\/schema\/logo\/image\/"},"sameAs":["https:\/\/www.facebook.com\/artedesign1996","https:\/\/x.com\/Art_e_Design"]}]}},"_links":{"self":[{"href":"https:\/\/artedesign.us\/en\/wp-json\/wp\/v2\/pages\/1739","targetHints":{"allow":["GET"]}}],"collection":[{"href":"https:\/\/artedesign.us\/en\/wp-json\/wp\/v2\/pages"}],"about":[{"href":"https:\/\/artedesign.us\/en\/wp-json\/wp\/v2\/types\/page"}],"author":[{"embeddable":true,"href":"https:\/\/artedesign.us\/en\/wp-json\/wp\/v2\/users\/2"}],"replies":[{"embeddable":true,"href":"https:\/\/artedesign.us\/en\/wp-json\/wp\/v2\/comments?post=1739"}],"version-history":[{"count":27,"href":"https:\/\/artedesign.us\/en\/wp-json\/wp\/v2\/pages\/1739\/revisions"}],"predecessor-version":[{"id":2449,"href":"https:\/\/artedesign.us\/en\/wp-json\/wp\/v2\/pages\/1739\/revisions\/2449"}],"wp:attachment":[{"href":"https:\/\/artedesign.us\/en\/wp-json\/wp\/v2\/media?parent=1739"}],"curies":[{"name":"wp","href":"https:\/\/api.w.org\/{rel}","templated":true}]}}