{"id":433,"date":"2020-02-19T06:30:02","date_gmt":"2020-02-19T11:30:02","guid":{"rendered":"http:\/\/bizix.premiumthemes.in\/?page_id=433"},"modified":"2026-02-27T09:57:27","modified_gmt":"2026-02-27T14:57:27","slug":"contato-2","status":"publish","type":"page","link":"https:\/\/artedesign.us\/en\/contato-2\/","title":{"rendered":"Contato"},"content":{"rendered":"<div data-elementor-type=\"wp-page\" data-elementor-id=\"433\" class=\"elementor elementor-433\" data-elementor-post-type=\"page\">\n\t\t\t\t\t\t<section class=\"elementor-section elementor-top-section elementor-element elementor-element-2eecd49d elementor-section-stretched elementor-section-boxed elementor-section-height-default elementor-section-height-default\" data-id=\"2eecd49d\" data-element_type=\"section\" data-e-type=\"section\" data-settings=\"{&quot;stretch_section&quot;:&quot;section-stretched&quot;,&quot;background_background&quot;:&quot;classic&quot;}\">\n\t\t\t\t\t\t<div class=\"elementor-container elementor-column-gap-no\">\n\t\t\t\t\t<div class=\"elementor-column elementor-col-100 elementor-top-column elementor-element elementor-element-62d0e2b9\" data-id=\"62d0e2b9\" data-element_type=\"column\" data-e-type=\"column\">\n\t\t\t<div class=\"elementor-widget-wrap elementor-element-populated\">\n\t\t\t\t\t\t<section class=\"elementor-section elementor-inner-section elementor-element elementor-element-3d6baa8 elementor-section-boxed elementor-section-height-default elementor-section-height-default\" data-id=\"3d6baa8\" data-element_type=\"section\" data-e-type=\"section\">\n\t\t\t\t\t\t<div class=\"elementor-container elementor-column-gap-no\">\n\t\t\t\t\t<div class=\"elementor-column elementor-col-50 elementor-inner-column elementor-element elementor-element-3a964d20\" data-id=\"3a964d20\" data-element_type=\"column\" data-e-type=\"column\" data-settings=\"{&quot;background_background&quot;:&quot;classic&quot;}\">\n\t\t\t<div class=\"elementor-widget-wrap elementor-element-populated\">\n\t\t\t\t\t\t<div class=\"elementor-element elementor-element-6e0ebc94 elementor-widget elementor-widget-heading\" data-id=\"6e0ebc94\" data-element_type=\"widget\" data-e-type=\"widget\" data-widget_type=\"heading.default\">\n\t\t\t\t<div class=\"elementor-widget-container\">\n\t\t\t\t\t<h2 class=\"elementor-heading-title elementor-size-default\">Entre em Contato!<\/h2>\t\t\t\t<\/div>\n\t\t\t\t<\/div>\n\t\t\t\t\t<\/div>\n\t\t<\/div>\n\t\t\t\t<div class=\"elementor-column elementor-col-50 elementor-inner-column elementor-element elementor-element-22eda496\" data-id=\"22eda496\" data-element_type=\"column\" data-e-type=\"column\" data-settings=\"{&quot;background_background&quot;:&quot;classic&quot;}\">\n\t\t\t<div class=\"elementor-widget-wrap\">\n\t\t\t\t\t\t\t<\/div>\n\t\t<\/div>\n\t\t\t\t\t<\/div>\n\t\t<\/section>\n\t\t\t\t\t<\/div>\n\t\t<\/div>\n\t\t\t\t\t<\/div>\n\t\t<\/section>\n\t\t\t\t<section class=\"elementor-section elementor-top-section elementor-element elementor-element-b070c89 elementor-section-boxed elementor-section-height-default elementor-section-height-default\" data-id=\"b070c89\" data-element_type=\"section\" data-e-type=\"section\">\n\t\t\t\t\t\t<div class=\"elementor-container elementor-column-gap-default\">\n\t\t\t\t\t<div class=\"elementor-column elementor-col-100 elementor-top-column elementor-element elementor-element-7ed6660\" data-id=\"7ed6660\" data-element_type=\"column\" data-e-type=\"column\">\n\t\t\t<div class=\"elementor-widget-wrap elementor-element-populated\">\n\t\t\t\t\t\t<div class=\"elementor-element elementor-element-38f3a4d elementor-button-align-stretch elementor-widget elementor-widget-form\" data-id=\"38f3a4d\" data-element_type=\"widget\" data-e-type=\"widget\" data-settings=\"{&quot;step_next_label&quot;:&quot;Pr\\u00f3ximo&quot;,&quot;step_previous_label&quot;:&quot;Anterior&quot;,&quot;button_width&quot;:&quot;100&quot;,&quot;step_type&quot;:&quot;number_text&quot;,&quot;step_icon_shape&quot;:&quot;circle&quot;}\" data-widget_type=\"form.default\">\n\t\t\t\t<div class=\"elementor-widget-container\">\n\t\t\t\t\t\t\t<form class=\"elementor-form\" method=\"post\" name=\"Art &amp; Design - Contato\" aria-label=\"Art &amp; Design - Contato\" action=\"\">\n\t\t\t<input type=\"hidden\" name=\"post_id\" value=\"433\"\/>\n\t\t\t<input type=\"hidden\" name=\"form_id\" value=\"38f3a4d\"\/>\n\t\t\t<input type=\"hidden\" name=\"referer_title\" value=\"Contato - Art &amp; Design - Ag\u00eancia de Marketing Digital\" \/>\n\n\t\t\t\t\t\t\t<input type=\"hidden\" name=\"queried_id\" value=\"433\"\/>\n\t\t\t\n\t\t\t<div class=\"elementor-form-fields-wrapper elementor-labels-above\">\n\t\t\t\t\t\t\t\t<div class=\"elementor-field-type-text elementor-field-group elementor-column elementor-field-group-name elementor-col-100\">\n\t\t\t\t\t\t\t\t\t\t\t\t<label for=\"form-field-name\" class=\"elementor-field-label\">\n\t\t\t\t\t\t\t\tNome\t\t\t\t\t\t\t<\/label>\n\t\t\t\t\t\t\t\t\t\t\t\t\t\t<input size=\"1\" type=\"text\" name=\"form_fields[name]\" id=\"form-field-name\" class=\"elementor-field elementor-size-sm  elementor-field-textual\" placeholder=\"Nome\">\n\t\t\t\t\t\t\t\t\t\t\t<\/div>\n\t\t\t\t\t\t\t\t<div class=\"elementor-field-type-email elementor-field-group elementor-column elementor-field-group-email elementor-col-100 elementor-field-required\">\n\t\t\t\t\t\t\t\t\t\t\t\t<label for=\"form-field-email\" class=\"elementor-field-label\">\n\t\t\t\t\t\t\t\tE-mail\t\t\t\t\t\t\t<\/label>\n\t\t\t\t\t\t\t\t\t\t\t\t\t\t<input size=\"1\" type=\"email\" name=\"form_fields[email]\" id=\"form-field-email\" class=\"elementor-field elementor-size-sm  elementor-field-textual\" placeholder=\"E-mail\" required=\"required\">\n\t\t\t\t\t\t\t\t\t\t\t<\/div>\n\t\t\t\t\t\t\t\t<div class=\"elementor-field-type-tel elementor-field-group elementor-column elementor-field-group-field_1f22120 elementor-col-100 elementor-field-required\">\n\t\t\t\t\t\t\t\t\t\t\t\t<label for=\"form-field-field_1f22120\" class=\"elementor-field-label\">\n\t\t\t\t\t\t\t\tTelefone\t\t\t\t\t\t\t<\/label>\n\t\t\t\t\t\t\t\t<input size=\"1\" type=\"tel\" name=\"form_fields[field_1f22120]\" id=\"form-field-field_1f22120\" class=\"elementor-field elementor-size-sm  elementor-field-textual\" placeholder=\"Telefone\" required=\"required\" pattern=\"[0-9()#&amp;+*-=.]+\" title=\"Apenas n\u00fameros e caracteres de telefone (#, -, *, etc.) s\u00e3o aceitos.\">\n\n\t\t\t\t\t\t<\/div>\n\t\t\t\t\t\t\t\t<div class=\"elementor-field-type-textarea elementor-field-group elementor-column elementor-field-group-message elementor-col-100\">\n\t\t\t\t\t\t\t\t\t\t\t\t<label for=\"form-field-message\" class=\"elementor-field-label\">\n\t\t\t\t\t\t\t\tMensagem\t\t\t\t\t\t\t<\/label>\n\t\t\t\t\t\t<textarea class=\"elementor-field-textual elementor-field  elementor-size-sm\" name=\"form_fields[message]\" id=\"form-field-message\" rows=\"4\" placeholder=\"Mensagem\"><\/textarea>\t\t\t\t<\/div>\n\t\t\t\t\t\t\t\t<div class=\"elementor-field-group elementor-column elementor-field-type-submit elementor-col-100 e-form__buttons\">\n\t\t\t\t\t<button class=\"elementor-button elementor-size-sm\" type=\"submit\">\n\t\t\t\t\t\t<span class=\"elementor-button-content-wrapper\">\n\t\t\t\t\t\t\t\t\t\t\t\t\t\t\t\t\t\t\t\t\t\t<span class=\"elementor-button-text\">Enviar<\/span>\n\t\t\t\t\t\t\t\t\t\t\t\t\t<\/span>\n\t\t\t\t\t<\/button>\n\t\t\t\t<\/div>\n\t\t\t<\/div>\n\t\t<input\n                    class=\"apbct_special_field apbct_email_id__elementor_form\"\n                    name=\"apbct__email_id__elementor_form\"\n                    aria-label=\"Art &amp; Design - Contato\"\n                    type=\"text\" size=\"30\" maxlength=\"200\" autocomplete=\"off\"\n                    value=\"\"\n                \/><input type=\"hidden\" name=\"trp-form-language\" value=\"en\"\/><\/form>\n\t\t\t\t\t\t<\/div>\n\t\t\t\t<\/div>\n\t\t\t\t\t<\/div>\n\t\t<\/div>\n\t\t\t\t\t<\/div>\n\t\t<\/section>\n\t\t\t\t<\/div>","protected":false},"excerpt":{"rendered":"<p>Entre em Contato!<\/p>","protected":false},"author":2,"featured_media":0,"parent":0,"menu_order":0,"comment_status":"closed","ping_status":"closed","template":"elementor_header_footer","meta":{"content-type":"","om_disable_all_campaigns":false,"_monsterinsights_skip_tracking":false,"_monsterinsights_sitenote_active":false,"_monsterinsights_sitenote_note":"","_monsterinsights_sitenote_category":0,"footnotes":""},"class_list":["post-433","page","type-page","status-publish","hentry"],"aioseo_notices":[],"yoast_head":"<!-- This site is optimized with the Yoast SEO plugin v27.2 - https:\/\/yoast.com\/product\/yoast-seo-wordpress\/ -->\n<title>Contato - Art &amp; Design - Ag\u00eancia de Marketing Digital<\/title>\n<meta name=\"robots\" content=\"index, follow, max-snippet:-1, max-image-preview:large, max-video-preview:-1\" \/>\n<link rel=\"canonical\" href=\"https:\/\/artedesign.us\/en\/contato-2\/\" \/>\n<meta property=\"og:locale\" content=\"en_US\" \/>\n<meta property=\"og:type\" content=\"article\" \/>\n<meta property=\"og:title\" content=\"Contato - Art &amp; Design - Ag\u00eancia de Marketing Digital\" \/>\n<meta property=\"og:description\" content=\"Entre em Contato!\" \/>\n<meta property=\"og:url\" content=\"https:\/\/artedesign.us\/en\/contato-2\/\" \/>\n<meta property=\"og:site_name\" content=\"Art &amp; Design - Ag\u00eancia de Marketing Digital\" \/>\n<meta property=\"article:publisher\" content=\"https:\/\/www.facebook.com\/artedesign1996\" \/>\n<meta property=\"article:modified_time\" content=\"2026-02-27T14:57:27+00:00\" \/>\n<meta name=\"twitter:card\" content=\"summary_large_image\" \/>\n<meta name=\"twitter:site\" content=\"@Art_e_Design\" \/>\n<meta name=\"twitter:label1\" content=\"Est. reading time\" \/>\n\t<meta name=\"twitter:data1\" content=\"1 minute\" \/>\n<script type=\"application\/ld+json\" class=\"yoast-schema-graph\">{\"@context\":\"https:\/\/schema.org\",\"@graph\":[{\"@type\":\"WebPage\",\"@id\":\"https:\/\/artedesign.us\/contato-2\/\",\"url\":\"https:\/\/artedesign.us\/contato-2\/\",\"name\":\"Contato - Art &amp; Design - Ag\u00eancia de Marketing Digital\",\"isPartOf\":{\"@id\":\"https:\/\/artedesign.us\/#website\"},\"datePublished\":\"2020-02-19T11:30:02+00:00\",\"dateModified\":\"2026-02-27T14:57:27+00:00\",\"breadcrumb\":{\"@id\":\"https:\/\/artedesign.us\/contato-2\/#breadcrumb\"},\"inLanguage\":\"en-US\",\"potentialAction\":[{\"@type\":\"ReadAction\",\"target\":[\"https:\/\/artedesign.us\/contato-2\/\"]}]},{\"@type\":\"BreadcrumbList\",\"@id\":\"https:\/\/artedesign.us\/contato-2\/#breadcrumb\",\"itemListElement\":[{\"@type\":\"ListItem\",\"position\":1,\"name\":\"In\u00edcio\",\"item\":\"https:\/\/artedesign.us\/\"},{\"@type\":\"ListItem\",\"position\":2,\"name\":\"Contato\"}]},{\"@type\":\"WebSite\",\"@id\":\"https:\/\/artedesign.us\/#website\",\"url\":\"https:\/\/artedesign.us\/\",\"name\":\"Art & Design - Ag\u00eancia de Marketing Digital\",\"description\":\"Desenvolvimento de Websites, Aplicativos, Lojas Virtuais, Cria\u00e7\u00e3o de Logomarcas, Marketing Digital, Registro de Dom\u00ednios, Hospedagem e Manuten\u00e7\u00e3o de Websites\",\"publisher\":{\"@id\":\"https:\/\/artedesign.us\/#organization\"},\"potentialAction\":[{\"@type\":\"SearchAction\",\"target\":{\"@type\":\"EntryPoint\",\"urlTemplate\":\"https:\/\/artedesign.us\/?s={search_term_string}\"},\"query-input\":{\"@type\":\"PropertyValueSpecification\",\"valueRequired\":true,\"valueName\":\"search_term_string\"}}],\"inLanguage\":\"en-US\"},{\"@type\":\"Organization\",\"@id\":\"https:\/\/artedesign.us\/#organization\",\"name\":\"Art & Design - Ag\u00eancia de Marketing Digital\",\"url\":\"https:\/\/artedesign.us\/\",\"logo\":{\"@type\":\"ImageObject\",\"inLanguage\":\"en-US\",\"@id\":\"https:\/\/artedesign.us\/#\/schema\/logo\/image\/\",\"url\":\"https:\/\/artedesign.us\/wp-content\/uploads\/2021\/02\/logo_ad_transparente_72.png\",\"contentUrl\":\"https:\/\/artedesign.us\/wp-content\/uploads\/2021\/02\/logo_ad_transparente_72.png\",\"width\":700,\"height\":597,\"caption\":\"Art & Design - Ag\u00eancia de Marketing Digital\"},\"image\":{\"@id\":\"https:\/\/artedesign.us\/#\/schema\/logo\/image\/\"},\"sameAs\":[\"https:\/\/www.facebook.com\/artedesign1996\",\"https:\/\/x.com\/Art_e_Design\"]}]}<\/script>\n<!-- \/ Yoast SEO plugin. -->","yoast_head_json":{"title":"Contato - Art &amp; Design - Ag\u00eancia de Marketing Digital","robots":{"index":"index","follow":"follow","max-snippet":"max-snippet:-1","max-image-preview":"max-image-preview:large","max-video-preview":"max-video-preview:-1"},"canonical":"https:\/\/artedesign.us\/en\/contato-2\/","og_locale":"en_US","og_type":"article","og_title":"Contato - Art &amp; Design - Ag\u00eancia de Marketing Digital","og_description":"Entre em Contato!","og_url":"https:\/\/artedesign.us\/en\/contato-2\/","og_site_name":"Art &amp; Design - Ag\u00eancia de Marketing Digital","article_publisher":"https:\/\/www.facebook.com\/artedesign1996","article_modified_time":"2026-02-27T14:57:27+00:00","twitter_card":"summary_large_image","twitter_site":"@Art_e_Design","twitter_misc":{"Est. reading time":"1 minute"},"schema":{"@context":"https:\/\/schema.org","@graph":[{"@type":"WebPage","@id":"https:\/\/artedesign.us\/contato-2\/","url":"https:\/\/artedesign.us\/contato-2\/","name":"Contato - Art &amp; Design - Ag\u00eancia de Marketing Digital","isPartOf":{"@id":"https:\/\/artedesign.us\/#website"},"datePublished":"2020-02-19T11:30:02+00:00","dateModified":"2026-02-27T14:57:27+00:00","breadcrumb":{"@id":"https:\/\/artedesign.us\/contato-2\/#breadcrumb"},"inLanguage":"en-US","potentialAction":[{"@type":"ReadAction","target":["https:\/\/artedesign.us\/contato-2\/"]}]},{"@type":"BreadcrumbList","@id":"https:\/\/artedesign.us\/contato-2\/#breadcrumb","itemListElement":[{"@type":"ListItem","position":1,"name":"In\u00edcio","item":"https:\/\/artedesign.us\/"},{"@type":"ListItem","position":2,"name":"Contato"}]},{"@type":"WebSite","@id":"https:\/\/artedesign.us\/#website","url":"https:\/\/artedesign.us\/","name":"Art & Design - Ag\u00eancia de Marketing Digital","description":"Desenvolvimento de Websites, Aplicativos, Lojas Virtuais, Cria\u00e7\u00e3o de Logomarcas, Marketing Digital, Registro de Dom\u00ednios, Hospedagem e Manuten\u00e7\u00e3o de Websites","publisher":{"@id":"https:\/\/artedesign.us\/#organization"},"potentialAction":[{"@type":"SearchAction","target":{"@type":"EntryPoint","urlTemplate":"https:\/\/artedesign.us\/?s={search_term_string}"},"query-input":{"@type":"PropertyValueSpecification","valueRequired":true,"valueName":"search_term_string"}}],"inLanguage":"en-US"},{"@type":"Organization","@id":"https:\/\/artedesign.us\/#organization","name":"Art & Design - Ag\u00eancia de Marketing Digital","url":"https:\/\/artedesign.us\/","logo":{"@type":"ImageObject","inLanguage":"en-US","@id":"https:\/\/artedesign.us\/#\/schema\/logo\/image\/","url":"https:\/\/artedesign.us\/wp-content\/uploads\/2021\/02\/logo_ad_transparente_72.png","contentUrl":"https:\/\/artedesign.us\/wp-content\/uploads\/2021\/02\/logo_ad_transparente_72.png","width":700,"height":597,"caption":"Art & Design - Ag\u00eancia de Marketing Digital"},"image":{"@id":"https:\/\/artedesign.us\/#\/schema\/logo\/image\/"},"sameAs":["https:\/\/www.facebook.com\/artedesign1996","https:\/\/x.com\/Art_e_Design"]}]}},"_links":{"self":[{"href":"https:\/\/artedesign.us\/en\/wp-json\/wp\/v2\/pages\/433","targetHints":{"allow":["GET"]}}],"collection":[{"href":"https:\/\/artedesign.us\/en\/wp-json\/wp\/v2\/pages"}],"about":[{"href":"https:\/\/artedesign.us\/en\/wp-json\/wp\/v2\/types\/page"}],"author":[{"embeddable":true,"href":"https:\/\/artedesign.us\/en\/wp-json\/wp\/v2\/users\/2"}],"replies":[{"embeddable":true,"href":"https:\/\/artedesign.us\/en\/wp-json\/wp\/v2\/comments?post=433"}],"version-history":[{"count":41,"href":"https:\/\/artedesign.us\/en\/wp-json\/wp\/v2\/pages\/433\/revisions"}],"predecessor-version":[{"id":2503,"href":"https:\/\/artedesign.us\/en\/wp-json\/wp\/v2\/pages\/433\/revisions\/2503"}],"wp:attachment":[{"href":"https:\/\/artedesign.us\/en\/wp-json\/wp\/v2\/media?parent=433"}],"curies":[{"name":"wp","href":"https:\/\/api.w.org\/{rel}","templated":true}]}}